{"id":1425,"date":"2022-07-04T09:46:53","date_gmt":"2022-07-04T06:46:53","guid":{"rendered":"https:\/\/demo.athemes.com\/sydney-lms\/?page_id=1425"},"modified":"2022-11-28T23:53:00","modified_gmt":"2022-11-28T20:53:00","slug":"hakkimizda","status":"publish","type":"page","link":"https:\/\/finamap.com\/en\/hakkimizda\/","title":{"rendered":"About us"},"content":{"rendered":"<div data-elementor-type=\"wp-page\" data-elementor-id=\"1425\" class=\"elementor elementor-1425\">\n\t\t\t\t\t\t\t\t\t<section class=\"elementor-section elementor-top-section elementor-element elementor-element-3b496b5 elementor-section-boxed elementor-section-height-default elementor-section-height-default\" data-id=\"3b496b5\" data-element_type=\"section\" data-settings=\"{&quot;background_background&quot;:&quot;classic&quot;}\">\n\t\t\t\t\t\t\t<div class=\"elementor-background-overlay\"><\/div>\n\t\t\t\t\t\t\t<div class=\"elementor-container elementor-column-gap-default\">\n\t\t\t\t\t<div class=\"elementor-column elementor-col-100 elementor-top-column elementor-element elementor-element-47d8e31\" data-id=\"47d8e31\" data-element_type=\"column\">\n\t\t\t<div class=\"elementor-widget-wrap elementor-element-populated\">\n\t\t\t\t\t\t\t\t<div class=\"elementor-element elementor-element-f4c8768 elementor-widget__width-initial elementor-widget elementor-widget-heading\" data-id=\"f4c8768\" data-element_type=\"widget\" data-widget_type=\"heading.default\">\n\t\t\t\t<div class=\"elementor-widget-container\">\n\t\t\t<style>\/*! elementor - v3.7.8 - 02-10-2022 *\/\n.elementor-heading-title{padding:0;margin:0;line-height:1}.elementor-widget-heading .elementor-heading-title[class*=elementor-size-]>a{color:inherit;font-size:inherit;line-height:inherit}.elementor-widget-heading .elementor-heading-title.elementor-size-small{font-size:15px}.elementor-widget-heading .elementor-heading-title.elementor-size-medium{font-size:19px}.elementor-widget-heading .elementor-heading-title.elementor-size-large{font-size:29px}.elementor-widget-heading .elementor-heading-title.elementor-size-xl{font-size:39px}.elementor-widget-heading .elementor-heading-title.elementor-size-xxl{font-size:59px}<\/style><h1 class=\"elementor-heading-title elementor-size-default\">About us<\/h1>\t\t<\/div>\n\t\t\t\t<\/div>\n\t\t\t\t<div class=\"elementor-element elementor-element-e8714a7 elementor-widget__width-initial elementor-widget elementor-widget-text-editor\" data-id=\"e8714a7\" data-element_type=\"widget\" data-widget_type=\"text-editor.default\">\n\t\t\t\t<div class=\"elementor-widget-container\">\n\t\t\t<style>\/*! elementor - v3.7.8 - 02-10-2022 *\/\n.elementor-widget-text-editor.elementor-drop-cap-view-stacked .elementor-drop-cap{background-color:#818a91;color:#fff}.elementor-widget-text-editor.elementor-drop-cap-view-framed .elementor-drop-cap{color:#818a91;border:3px solid;background-color:transparent}.elementor-widget-text-editor:not(.elementor-drop-cap-view-default) .elementor-drop-cap{margin-top:8px}.elementor-widget-text-editor:not(.elementor-drop-cap-view-default) .elementor-drop-cap-letter{width:1em;height:1em}.elementor-widget-text-editor .elementor-drop-cap{float:left;text-align:center;line-height:1;font-size:50px}.elementor-widget-text-editor .elementor-drop-cap-letter{display:inline-block}<\/style>\t\t\t\t<p><img loading=\"lazy\" decoding=\"async\" class=\"wp-image-2538 alignleft\" src=\"https:\/\/i0.wp.com\/finamap.com\/wp-content\/uploads\/2022\/10\/about.webp?resize=392%2C310&#038;ssl=1\" alt=\"about\" width=\"392\" height=\"310\" data-recalc-dims=\"1\" srcset=\"https:\/\/i0.wp.com\/finamap.com\/wp-content\/uploads\/2022\/10\/about.webp?w=616&amp;ssl=1 616w, https:\/\/i0.wp.com\/finamap.com\/wp-content\/uploads\/2022\/10\/about.webp?resize=300%2C237&amp;ssl=1 300w, https:\/\/i0.wp.com\/finamap.com\/wp-content\/uploads\/2022\/10\/about.webp?resize=230%2C181&amp;ssl=1 230w, https:\/\/i0.wp.com\/finamap.com\/wp-content\/uploads\/2022\/10\/about.webp?resize=350%2C276&amp;ssl=1 350w, https:\/\/i0.wp.com\/finamap.com\/wp-content\/uploads\/2022\/10\/about.webp?resize=480%2C379&amp;ssl=1 480w\" sizes=\"auto, (max-width: 392px) 100vw, 392px\" \/>Finamap is one of the fastest growing software products and services companies, delivering a differentiated customer experience, accelerating cycle times and helping customers achieve business results by adopting new age digital technologies and integrating them with their existing systems.<\/p><p>Thanks to our customer-focused and collaborative approach, we have been able to create global delivery models that deliver predictable results, cost and time reduction while maintaining high software engineering quality and standards. We offer our clients a unique multi-point engagement model, focused on ownership and results.<\/p><p>We encourage innovations and don't give room for failure.<\/p>\t\t\t\t\t\t<\/div>\n\t\t\t\t<\/div>\n\t\t\t\t<div class=\"elementor-element elementor-element-ac499bc elementor-widget elementor-widget-alert\" data-id=\"ac499bc\" data-element_type=\"widget\" data-widget_type=\"alert.default\">\n\t\t\t\t<div class=\"elementor-widget-container\">\n\t\t\t<style>\/*! elementor - v3.7.8 - 02-10-2022 *\/\n.elementor-alert{padding:15px;border-left:5px solid transparent;position:relative;text-align:left}.elementor-alert .elementor-alert-title{display:block;font-weight:700}.elementor-alert .elementor-alert-description{font-size:13px}.elementor-alert button.elementor-alert-dismiss{position:absolute;right:var(--dismiss-icon-horizontal-position,10px);top:var(--dismiss-icon-vertical-position,10px);padding:3px;font-size:var(--dismiss-icon-size,20px);line-height:1;background:transparent;color:var(--dismiss-icon-normal-color,inherit);border:none;cursor:pointer;-webkit-transition-duration:var(--dismiss-icon-hover-transition-duration,.3s);-o-transition-duration:var(--dismiss-icon-hover-transition-duration,.3s);transition-duration:var(--dismiss-icon-hover-transition-duration,.3s)}.elementor-alert button.elementor-alert-dismiss:hover{color:var(--dismiss-icon-hover-color,inherit)}.elementor-alert button.elementor-alert-dismiss svg{width:var(--dismiss-icon-size,20px);height:var(--dismiss-icon-size,20px);fill:var(--dismiss-icon-normal-color,currentColor);-webkit-transition-duration:var(--dismiss-icon-hover-transition-duration,.3s);-o-transition-duration:var(--dismiss-icon-hover-transition-duration,.3s);transition-duration:var(--dismiss-icon-hover-transition-duration,.3s)}.elementor-alert button.elementor-alert-dismiss svg:hover{fill:var(--dismiss-icon-hover-color,currentColor)}.elementor-alert.elementor-alert-info{color:#31708f;background-color:#d9edf7;border-color:#bcdff1}.elementor-alert.elementor-alert-success{color:#3c763d;background-color:#dff0d8;border-color:#cae6be}.elementor-alert.elementor-alert-warning{color:#8a6d3b;background-color:#fcf8e3;border-color:#f9f0c3}.elementor-alert.elementor-alert-danger{color:#a94442;background-color:#f2dede;border-color:#e8c4c4}@media (max-width:767px){.elementor-alert{padding:10px}.elementor-alert button.elementor-alert-dismiss{right:7px;top:7px}}<\/style>\t\t<div class=\"elementor-alert elementor-alert-info\" role=\"alert\">\n\t\t\t<span class=\"elementor-alert-title\">Main; <\/span>\n\t\t\t\t\t\t\t<span class=\"elementor-alert-description\">We offer solutions to businesses in the creation of Payment, Expense and Travel Management Policies and the digitization of these processes. In this context, we have developed projects in Turkey, Switzerland, the Netherlands, Russia, Kazakhstan, Albania, Ecuador and Kosovo. <\/span>\n\t\t\t\t\t\t\t\t<\/div>\n\t\t\t\t<\/div>\n\t\t\t\t<\/div>\n\t\t\t\t<div class=\"elementor-element elementor-element-9afb1f1 elementor-widget elementor-widget-html\" data-id=\"9afb1f1\" data-element_type=\"widget\" data-widget_type=\"html.default\">\n\t\t\t\t<div class=\"elementor-widget-container\">\n\t\t\t<!DOCTYPE html PUBLIC \"-\/\/W3C\/\/DTD XHTML 1.0 Transitional\/\/EN\" \"http:\/\/www.w3.org\/TR\/xhtml1\/DTD\/xhtml1-transitional.dtd\">\n<html xmlns=\"http:\/\/www.w3.org\/1999\/xhtml\">\n<head>\n<meta http-equiv=\"Content-Type\" content=\"text\/html; charset=utf-8\" \/>\n<title>Finamap Software<\/title>\n<\/head>\n\n<body data-rsssl=1><script src=\"https:\/\/www.amcharts.com\/lib\/3\/ammap.js\" type=\"text\/javascript\"><\/script>\n<script src=\"https:\/\/www.amcharts.com\/lib\/3\/maps\/js\/worldHigh.js\" type=\"text\/javascript\"><\/script>\n<script src=\"https:\/\/www.amcharts.com\/lib\/3\/themes\/dark.js\" type=\"text\/javascript\"><\/script>\n<div id=\"mapdiv\" style=\"width: 100%; height: 450px;\"><\/div>\n<script type=\"text\/javascript\">\nvar map = AmCharts.makeChart(\"mapdiv\",{\ntype: \"map\",\ntheme: \"dark\",\nprojection: \"mercator\",\npanEventsEnabled : true,\nbackgroundColor : \"#A8CBF0\",\nbackgroundAlpha : 1,\nzoomControl: {\nzoomControlEnabled : true\n},\ndataProvider : {\nmap : \"worldHigh\",\ngetAreasFromMap : true,\nareas :\n[\n\t{\n\t\t\"id\": \"EC\",\n\t\t\"showAsSelected\": true\n\t},\n\t{\n\t\t\"id\": \"XK\",\n\t\t\"showAsSelected\": true\n\t},\n\t{\n\t\t\"id\": \"CH\",\n\t\t\"showAsSelected\": true\n\t},\n\t{\n\t\t\"id\": \"KZ\",\n\t\t\"showAsSelected\": true\n\t},\n\t{\n\t\t\"id\": \"AL\",\n\t\t\"showAsSelected\": true\n\t},\n\t{\n\t\t\"id\": \"NL\",\n\t\t\"showAsSelected\": true\n\t},\n\t\t{\n\t\t\"id\": \"RU\",\n\t\t\"showAsSelected\": true\n\t},\n\t{\n\t\t\"id\": \"TR\",\n\t\t\"showAsSelected\": true\n\t}\n\n]\n},\nareasSettings : {\nautoZoom : true,\ncolor : \"#E1F0FB\",\ncolorSolid : \"#215FB4\",\nselectedColor : \"#003399\",\noutlineColor : \"#DCEFF5\",\nrollOverColor : \"#018DD2\",\nrollOverOutlineColor : \"#E1F0FB\"\n}\n});\n<\/script>\n<\/body>\n<\/html>\n\t\t<\/div>\n\t\t\t\t<\/div>\n\t\t\t\t\t<\/div>\n\t\t<\/div>\n\t\t\t\t\t\t\t<\/div>\n\t\t<\/section>\n\t\t\t\t<section class=\"elementor-section elementor-top-section elementor-element elementor-element-5cd77b8 elementor-section-boxed elementor-section-height-default elementor-section-height-default\" data-id=\"5cd77b8\" data-element_type=\"section\">\n\t\t\t\t\t\t<div class=\"elementor-container elementor-column-gap-default\">\n\t\t\t\t\t<div class=\"elementor-column elementor-col-100 elementor-top-column elementor-element elementor-element-401d24a\" data-id=\"401d24a\" data-element_type=\"column\">\n\t\t\t<div class=\"elementor-widget-wrap elementor-element-populated\">\n\t\t\t\t\t\t\t\t<div class=\"elementor-element elementor-element-630269d elementor-widget__width-initial elementor-widget elementor-widget-heading\" data-id=\"630269d\" data-element_type=\"widget\" data-widget_type=\"heading.default\">\n\t\t\t\t<div class=\"elementor-widget-container\">\n\t\t\t<h2 class=\"elementor-heading-title elementor-size-default\">Our Corporate <b>Culture<\/b><\/h2>\t\t<\/div>\n\t\t\t\t<\/div>\n\t\t\t\t<section class=\"elementor-section elementor-inner-section elementor-element elementor-element-e81ac9d elementor-section-content-middle elementor-section-boxed elementor-section-height-default elementor-section-height-default\" data-id=\"e81ac9d\" data-element_type=\"section\">\n\t\t\t\t\t\t<div class=\"elementor-container elementor-column-gap-default\">\n\t\t\t\t\t<div class=\"elementor-column elementor-col-100 elementor-inner-column elementor-element elementor-element-9d7fff9\" data-id=\"9d7fff9\" data-element_type=\"column\">\n\t\t\t<div class=\"elementor-widget-wrap elementor-element-populated\">\n\t\t\t\t\t\t\t\t<div class=\"elementor-element elementor-element-30309fc elementor-widget__width-initial elementor-widget elementor-widget-text-editor\" data-id=\"30309fc\" data-element_type=\"widget\" data-widget_type=\"text-editor.default\">\n\t\t\t\t<div class=\"elementor-widget-container\">\n\t\t\t\t\t\t\t<p><img loading=\"lazy\" decoding=\"async\" class=\"wp-image-2548 alignleft\" src=\"https:\/\/i0.wp.com\/finamap.com\/wp-content\/uploads\/2022\/10\/kurum-kulturu.png?resize=131%2C131&#038;ssl=1\" alt=\"kurum\" width=\"131\" height=\"131\" data-recalc-dims=\"1\" srcset=\"https:\/\/i0.wp.com\/finamap.com\/wp-content\/uploads\/2022\/10\/kurum-kulturu.png?w=1024&amp;ssl=1 1024w, https:\/\/i0.wp.com\/finamap.com\/wp-content\/uploads\/2022\/10\/kurum-kulturu.png?resize=300%2C300&amp;ssl=1 300w, https:\/\/i0.wp.com\/finamap.com\/wp-content\/uploads\/2022\/10\/kurum-kulturu.png?resize=150%2C150&amp;ssl=1 150w, https:\/\/i0.wp.com\/finamap.com\/wp-content\/uploads\/2022\/10\/kurum-kulturu.png?resize=768%2C768&amp;ssl=1 768w, https:\/\/i0.wp.com\/finamap.com\/wp-content\/uploads\/2022\/10\/kurum-kulturu.png?resize=1000%2C1000&amp;ssl=1 1000w, https:\/\/i0.wp.com\/finamap.com\/wp-content\/uploads\/2022\/10\/kurum-kulturu.png?resize=230%2C230&amp;ssl=1 230w, https:\/\/i0.wp.com\/finamap.com\/wp-content\/uploads\/2022\/10\/kurum-kulturu.png?resize=350%2C350&amp;ssl=1 350w, https:\/\/i0.wp.com\/finamap.com\/wp-content\/uploads\/2022\/10\/kurum-kulturu.png?resize=480%2C480&amp;ssl=1 480w\" sizes=\"auto, (max-width: 131px) 100vw, 131px\" \/>Being sensitive, focusing on excellence in practice and focusing on quality are the three pillars of our culture. This understanding has helped us create customer and employee satisfaction.<\/p><p>We are happy to create an open, performance-oriented organization that believes in empowerment, values \u200b\u200bresults, and gives recognition to teams and individuals who strive to push beyond their defined boundaries. We encourage innovation and don't let failures get us down.<\/p>\t\t\t\t\t\t<\/div>\n\t\t\t\t<\/div>\n\t\t\t\t\t<\/div>\n\t\t<\/div>\n\t\t\t\t\t\t\t<\/div>\n\t\t<\/section>\n\t\t\t\t\t<\/div>\n\t\t<\/div>\n\t\t\t\t\t\t\t<\/div>\n\t\t<\/section>\n\t\t\t\t\t\t\t<\/div>","protected":false},"excerpt":{"rendered":"<p>Hakk\u0131m\u0131zda Finamap, farkl\u0131la\u015ft\u0131r\u0131lm\u0131\u015f bir m\u00fc\u015fteri deneyimi sunan, d\u00f6ng\u00fc s\u00fcrelerini h\u0131zland\u0131ran ve m\u00fc\u015fterilerin yeni \u00e7a\u011f\u0131n dijital teknolojilerini benimsemesi ve bunlar\u0131 mevcut sistemleriyle entegre [&hellip;]<\/p>","protected":false},"author":1,"featured_media":0,"parent":0,"menu_order":0,"comment_status":"closed","ping_status":"closed","template":"page-templates\/page_front-page.php","meta":{"advanced_seo_description":"","footnotes":""},"class_list":["post-1425","page","type-page","status-publish","hentry"],"_links":{"self":[{"href":"https:\/\/finamap.com\/en\/wp-json\/wp\/v2\/pages\/1425","targetHints":{"allow":["GET"]}}],"collection":[{"href":"https:\/\/finamap.com\/en\/wp-json\/wp\/v2\/pages"}],"about":[{"href":"https:\/\/finamap.com\/en\/wp-json\/wp\/v2\/types\/page"}],"author":[{"embeddable":true,"href":"https:\/\/finamap.com\/en\/wp-json\/wp\/v2\/users\/1"}],"replies":[{"embeddable":true,"href":"https:\/\/finamap.com\/en\/wp-json\/wp\/v2\/comments?post=1425"}],"version-history":[{"count":80,"href":"https:\/\/finamap.com\/en\/wp-json\/wp\/v2\/pages\/1425\/revisions"}],"predecessor-version":[{"id":3052,"href":"https:\/\/finamap.com\/en\/wp-json\/wp\/v2\/pages\/1425\/revisions\/3052"}],"wp:attachment":[{"href":"https:\/\/finamap.com\/en\/wp-json\/wp\/v2\/media?parent=1425"}],"curies":[{"name":"wp","href":"https:\/\/api.w.org\/{rel}","templated":true}]}}